{"id":92,"date":"2021-02-19T08:56:14","date_gmt":"2021-02-19T08:56:14","guid":{"rendered":"http:\/\/pousadarichardrothe.com.br\/?page_id=92"},"modified":"2021-04-16T17:48:21","modified_gmt":"2021-04-16T17:48:21","slug":"tiradentes","status":"publish","type":"page","link":"https:\/\/pousadarichardrothe.com.br\/en\/tiradentes\/","title":{"rendered":"Tiradentes"},"content":{"rendered":"<div data-elementor-type=\"wp-page\" data-elementor-id=\"92\" class=\"elementor elementor-92\" data-elementor-settings=\"[]\">\n\t\t\t\t\t\t<div class=\"elementor-inner\">\n\t\t\t\t\t\t\t<div class=\"elementor-section-wrap\">\n\t\t\t\t\t\t\t<section class=\"elementor-section elementor-top-section elementor-element elementor-element-1b70bab elementor-section-boxed elementor-section-height-default elementor-section-height-default\" data-id=\"1b70bab\" data-element_type=\"section\">\n\t\t\t\t\t\t<div class=\"elementor-container elementor-column-gap-default\">\n\t\t\t\t\t\t\t<div class=\"elementor-row\">\n\t\t\t\t\t<div class=\"elementor-column elementor-col-100 elementor-top-column elementor-element elementor-element-a17f826\" data-id=\"a17f826\" data-element_type=\"column\">\n\t\t\t<div class=\"elementor-column-wrap elementor-element-populated\">\n\t\t\t\t\t\t\t<div class=\"elementor-widget-wrap\">\n\t\t\t\t\t\t<div class=\"elementor-element elementor-element-1750ad5 elementor-widget elementor-widget-spacer\" data-id=\"1750ad5\" data-element_type=\"widget\" data-widget_type=\"spacer.default\">\n\t\t\t\t<div class=\"elementor-widget-container\">\n\t\t\t\t\t<div class=\"elementor-spacer\">\n\t\t\t<div class=\"elementor-spacer-inner\"><\/div>\n\t\t<\/div>\n\t\t\t\t<\/div>\n\t\t\t\t<\/div>\n\t\t\t\t\t\t<\/div>\n\t\t\t\t\t<\/div>\n\t\t<\/div>\n\t\t\t\t\t\t\t\t<\/div>\n\t\t\t\t\t<\/div>\n\t\t<\/section>\n\t\t\t\t<section class=\"elementor-section elementor-top-section elementor-element elementor-element-c82cf25 elementor-section-boxed elementor-section-height-default elementor-section-height-default\" data-id=\"c82cf25\" data-element_type=\"section\">\n\t\t\t\t\t\t<div class=\"elementor-container elementor-column-gap-default\">\n\t\t\t\t\t\t\t<div class=\"elementor-row\">\n\t\t\t\t\t<div class=\"elementor-column elementor-col-100 elementor-top-column elementor-element elementor-element-f35be72\" data-id=\"f35be72\" data-element_type=\"column\">\n\t\t\t<div class=\"elementor-column-wrap elementor-element-populated\">\n\t\t\t\t\t\t\t<div class=\"elementor-widget-wrap\">\n\t\t\t\t\t\t<div class=\"elementor-element elementor-element-54fbd62 elementor-widget elementor-widget-heading\" data-id=\"54fbd62\" data-element_type=\"widget\" data-widget_type=\"heading.default\">\n\t\t\t\t<div class=\"elementor-widget-container\">\n\t\t\t<h2 class=\"elementor-heading-title elementor-size-default\">Tiradentes - MG<\/h2>\t\t<\/div>\n\t\t\t\t<\/div>\n\t\t\t\t\t\t<\/div>\n\t\t\t\t\t<\/div>\n\t\t<\/div>\n\t\t\t\t\t\t\t\t<\/div>\n\t\t\t\t\t<\/div>\n\t\t<\/section>\n\t\t\t\t<section class=\"elementor-section elementor-top-section elementor-element elementor-element-0ca0768 elementor-section-boxed elementor-section-height-default elementor-section-height-default\" data-id=\"0ca0768\" data-element_type=\"section\">\n\t\t\t\t\t\t<div class=\"elementor-container elementor-column-gap-default\">\n\t\t\t\t\t\t\t<div class=\"elementor-row\">\n\t\t\t\t\t<div class=\"elementor-column elementor-col-100 elementor-top-column elementor-element elementor-element-6f7d8db\" data-id=\"6f7d8db\" data-element_type=\"column\">\n\t\t\t<div class=\"elementor-column-wrap elementor-element-populated\">\n\t\t\t\t\t\t\t<div class=\"elementor-widget-wrap\">\n\t\t\t\t\t\t<div class=\"elementor-element elementor-element-0e0d355 elementor-widget elementor-widget-heading\" data-id=\"0e0d355\" data-element_type=\"widget\" data-widget_type=\"heading.default\">\n\t\t\t\t<div class=\"elementor-widget-container\">\n\t\t\t<h2 class=\"elementor-heading-title elementor-size-default translation-block\">The narrow streets with stone pavement lead <br>through colonial houses and baroque churches, <br>where, during the day, the\nsound of carriages <br>echo in a scenario\nframed by the Serra de S\u00e3o Jos\u00e9.<\/h2>\t\t<\/div>\n\t\t\t\t<\/div>\n\t\t\t\t\t\t<\/div>\n\t\t\t\t\t<\/div>\n\t\t<\/div>\n\t\t\t\t\t\t\t\t<\/div>\n\t\t\t\t\t<\/div>\n\t\t<\/section>\n\t\t\t\t<section class=\"elementor-section elementor-top-section elementor-element elementor-element-0462619 elementor-section-boxed elementor-section-height-default elementor-section-height-default\" data-id=\"0462619\" data-element_type=\"section\">\n\t\t\t\t\t\t<div class=\"elementor-container elementor-column-gap-default\">\n\t\t\t\t\t\t\t<div class=\"elementor-row\">\n\t\t\t\t\t<div class=\"elementor-column elementor-col-100 elementor-top-column elementor-element elementor-element-b53c51d\" data-id=\"b53c51d\" data-element_type=\"column\">\n\t\t\t<div class=\"elementor-column-wrap elementor-element-populated\">\n\t\t\t\t\t\t\t<div class=\"elementor-widget-wrap\">\n\t\t\t\t\t\t<div class=\"elementor-element elementor-element-d6bcd20 elementor-arrows-position-inside elementor-pagination-position-outside elementor-widget elementor-widget-image-carousel\" data-id=\"d6bcd20\" data-element_type=\"widget\" data-settings=\"{&quot;navigation&quot;:&quot;both&quot;,&quot;autoplay&quot;:&quot;yes&quot;,&quot;pause_on_hover&quot;:&quot;yes&quot;,&quot;pause_on_interaction&quot;:&quot;yes&quot;,&quot;autoplay_speed&quot;:5000,&quot;infinite&quot;:&quot;yes&quot;,&quot;speed&quot;:500}\" data-widget_type=\"image-carousel.default\">\n\t\t\t\t<div class=\"elementor-widget-container\">\n\t\t\t\t\t<div class=\"elementor-image-carousel-wrapper swiper-container\" dir=\"ltr\">\n\t\t\t<div class=\"elementor-image-carousel swiper-wrapper\">\n\t\t\t\t<div class=\"swiper-slide\"><figure class=\"swiper-slide-inner\"><img class=\"swiper-slide-image\" src=\"https:\/\/pousadarichardrothe.com.br\/wp-content\/uploads\/2021\/03\/cesar-reis-1-768x538.jpg\" alt=\"Foto: C\u00e9sar Reis\" \/><\/figure><\/div><div class=\"swiper-slide\"><figure class=\"swiper-slide-inner\"><img class=\"swiper-slide-image\" src=\"https:\/\/pousadarichardrothe.com.br\/wp-content\/uploads\/2021\/03\/2f39a0ce-ca69-489e-8847-8ffd68e3da3b-768x534.jpg\" alt=\"Foto: Jos\u00e9 Israel Abrantes\" \/><\/figure><\/div><div class=\"swiper-slide\"><figure class=\"swiper-slide-inner\"><img class=\"swiper-slide-image\" src=\"https:\/\/pousadarichardrothe.com.br\/wp-content\/uploads\/2021\/03\/69b8e51e-7e38-475b-b03e-853a42a6b232-768x534.jpg\" alt=\"Foto: Jos\u00e9 Israel Abrantes\" \/><\/figure><\/div>\t\t\t<\/div>\n\t\t\t\t\t\t\t\t\t\t\t\t<div class=\"swiper-pagination\"><\/div>\n\t\t\t\t\t\t\t\t\t\t\t\t\t<div class=\"elementor-swiper-button elementor-swiper-button-prev\">\n\t\t\t\t\t\t<i class=\"eicon-chevron-left\" aria-hidden=\"true\"><\/i>\n\t\t\t\t\t\t<span class=\"elementor-screen-only\">Previous<\/span>\n\t\t\t\t\t<\/div>\n\t\t\t\t\t<div class=\"elementor-swiper-button elementor-swiper-button-next\">\n\t\t\t\t\t\t<i class=\"eicon-chevron-right\" aria-hidden=\"true\"><\/i>\n\t\t\t\t\t\t<span class=\"elementor-screen-only\">Next<\/span>\n\t\t\t\t\t<\/div>\n\t\t\t\t\t\t\t\t\t<\/div>\n\t\t\t\t<\/div>\n\t\t\t\t<\/div>\n\t\t\t\t\t\t<\/div>\n\t\t\t\t\t<\/div>\n\t\t<\/div>\n\t\t\t\t\t\t\t\t<\/div>\n\t\t\t\t\t<\/div>\n\t\t<\/section>\n\t\t\t\t<section class=\"elementor-section elementor-top-section elementor-element elementor-element-4d57c20 elementor-section-boxed elementor-section-height-default elementor-section-height-default\" data-id=\"4d57c20\" data-element_type=\"section\">\n\t\t\t\t\t\t<div class=\"elementor-container elementor-column-gap-default\">\n\t\t\t\t\t\t\t<div class=\"elementor-row\">\n\t\t\t\t\t<div class=\"elementor-column elementor-col-50 elementor-top-column elementor-element elementor-element-8afd16f\" data-id=\"8afd16f\" data-element_type=\"column\">\n\t\t\t<div class=\"elementor-column-wrap elementor-element-populated\">\n\t\t\t\t\t\t\t<div class=\"elementor-widget-wrap\">\n\t\t\t\t\t\t<div class=\"elementor-element elementor-element-08a86da elementor-widget elementor-widget-text-editor\" data-id=\"08a86da\" data-element_type=\"widget\" data-widget_type=\"text-editor.default\">\n\t\t\t\t<div class=\"elementor-widget-container\">\n\t\t\t\t\t<div class=\"elementor-text-editor elementor-clearfix\"><p><strong>Population:\u00a0<\/strong>7.901 inhabitants<br \/><strong style=\"letter-spacing: 0px;\">Area Code:\u00a0<\/strong><span style=\"letter-spacing: 0px;\">32<br \/><\/span><strong style=\"letter-spacing: 0px;\">State:\u00a0<\/strong><span style=\"letter-spacing: 0px;\">Minas Gerais<\/span><\/p><p class=\" translation-block\"><strong> Distance from other cities: <\/strong> S\u00e3o Jo\u00e3o del Rei, 13 km, Barbacena, 58 km, Lavras, 106 km, Juiz de Fora, 165 km, Belo Horizonte, 196 km, Rio de Janeiro, 333 km, S\u00e3o Paulo, 491 km<\/p><p>By going unnoticed by any form of development, from the decline of the Gold Cycle in the late 18th century, until the 1980s, when tourism flourished,\u00a0<strong>Tiradentes (MG)\u00a0<\/strong>ended up becoming one of the best preserved historical cities in Brazil.<\/p><p>The narrow cobbled streets lead between colonial houses and baroque churches, where, during the day, the sound of the carts echoes in a scenario framed by the Serra de S\u00e3o Jos\u00e9.<\/p><p>At night, the soft light accompanies the peaceful environment of the city. Not by chance, the place has become one of the favorite destinations for couples, who take advantage of the good offer of hotels with a romantic atmosphere, great restaurants and the presence of numerous art studios, most of them with pieces worked in wood, tin, iron and soapstone.<\/p><p><strong style=\"letter-spacing: 0px;\">A perfect day<\/strong><\/p><p>Wear comfortable shoes to explore the uneven floors of the historic center. Start at the Matriz de Santo Ant\u00f4nio Church; then, head to Casa Padre Toledo Museum. Rest close the S\u00e3o Jos\u00e9 fountain. Between one attraction and another, invest your time in stores that sell handicrafts, art, furniture and cacha\u00e7a. Pass through Largo das Forras where the \"gardener car\" tour starts. In the evening, dine at one of the many starred restaurants.<\/p><div style=\"font-style: normal; font-variant-ligatures: normal; font-variant-caps: normal; font-weight: 400; font-size: 16px; font-family: Arial, sans-serif;\"><span style=\"font-weight: bold; letter-spacing: 0px;\">How to circulate<\/span><\/div><p style=\"font-style: normal; font-variant-ligatures: normal; font-variant-caps: normal; font-weight: 400; font-size: 16px; font-family: Arial, sans-serif;\">Almost everything is concentrated on the cobbled streets of the Historic Center - easy to enjoy on foot.<\/p><p style=\"font-style: normal; font-variant-ligatures: normal; font-variant-caps: normal; font-weight: 400; font-size: 16px; font-family: Arial, sans-serif;\">\u00a0<\/p><\/div>\n\t\t\t\t<\/div>\n\t\t\t\t<\/div>\n\t\t\t\t\t\t<\/div>\n\t\t\t\t\t<\/div>\n\t\t<\/div>\n\t\t\t\t<div class=\"elementor-column elementor-col-50 elementor-top-column elementor-element elementor-element-f352806\" data-id=\"f352806\" data-element_type=\"column\">\n\t\t\t<div class=\"elementor-column-wrap elementor-element-populated\">\n\t\t\t\t\t\t\t<div class=\"elementor-widget-wrap\">\n\t\t\t\t\t\t<div class=\"elementor-element elementor-element-b6343a0 elementor-widget elementor-widget-text-editor\" data-id=\"b6343a0\" data-element_type=\"widget\" data-widget_type=\"text-editor.default\">\n\t\t\t\t<div class=\"elementor-widget-container\">\n\t\t\t\t\t<div class=\"elementor-text-editor elementor-clearfix\"><p style=\"font-style: normal; font-variant-ligatures: normal; font-variant-caps: normal; font-size: 16px; font-family: Arial, sans-serif;\"><b>Our<\/b><span style=\"font-weight: bold;\">&nbsp;Recommendation<\/span><\/p>\n<p style=\"font-style: normal; font-variant-ligatures: normal; font-variant-caps: normal; font-weight: 400; font-size: 16px; font-family: Arial, sans-serif;\">In the historic center, go to Church of Nossa Senhora do Ros\u00e1rio dos Pretos and the Museum of the Liturgy. You can enjoy the atmosphere of the bars in Largo das Forras square and the coolest ones are on Rua da Cadeia with good music and good food.<\/p>\n<p><span style=\"letter-spacing: 0px;\">Tiradentes is generous when it comes to good food. There are seven restaurants starring at GUIA BRASIL 2015 - one for every little more than a thousand inhabitants.<\/span><\/p>\n<p>There is still time to explore the nature that surrounds the city, such as the trails in the Serra de S\u00e3o Jos\u00e9, jeep tours, biking and horseback riding.&nbsp;<\/p>\n<p><strong>Learn more about the S\u00e3o Jo\u00e3o del-Rei x Tiradentes path<\/strong><\/p>\n<p>There are 12 km of train path through a beautiful ecological diversity and landscapes that still preserve the architecture of the 19th century. All of this on board the oldest Maria-Fuma\u00e7a train in operation in Brazil.<\/p>\n<p><span style=\"font-style: normal; font-variant-ligatures: normal; font-variant-caps: normal; font-weight: bold; font-size: 16px; font-family: Arial, sans-serif;\">Spotlight<\/span><\/p>\n<p><span style=\"font-family: Arial, sans-serif; font-size: 16px; font-style: normal; font-variant-ligatures: normal; font-variant-caps: normal; font-weight: 400;\">The old train way Estrada de Ferro Oeste de Minas (EFOM), opened in 1881 by Dom Pedro II, paves the way between the Cerrado and the Atlantic Forest to take tourists on a beautiful tour through the mountains of the S\u00e3o Jos\u00e9 complex. In addition to the natural beauty, the tour also has great tourist and cultural attractions such as the Rotunda, the incredible turning of the locomotive - carried out manually, preserving the custom of the Maria Fuma\u00e7a train era - and the Railway Museum.<\/span><\/p>\n<p><strong>Curiosities<\/strong><\/p>\n<p>With fragrant flowers, thorns on the branches and a mild flavor, the ora-pro-nobis is a vegetable very widespread in Minas Gerais cuisine (chicken with ora-pro-nobis is a local classic). Adapted from Latin, the name of the plant, from the cactus family, means \u201cpray for us\u201d.<\/p><\/div>\n\t\t\t\t<\/div>\n\t\t\t\t<\/div>\n\t\t\t\t\t\t<\/div>\n\t\t\t\t\t<\/div>\n\t\t<\/div>\n\t\t\t\t\t\t\t\t<\/div>\n\t\t\t\t\t<\/div>\n\t\t<\/section>\n\t\t\t\t\t\t<\/div>\n\t\t\t\t\t\t<\/div>\n\t\t\t\t\t<\/div>","protected":false},"excerpt":{"rendered":"<p>Tiradentes &#8211; MG As ruas estreitas com cal\u00e7amento de pedra conduzem por entre casarios coloniais e igrejas barrocas, onde, durante o dia, o som das charretes<span class=\"excerpt-hellip\"> [\u2026]<\/span><\/p>","protected":false},"author":1,"featured_media":0,"parent":0,"menu_order":0,"comment_status":"closed","ping_status":"closed","template":"","meta":[],"_links":{"self":[{"href":"https:\/\/pousadarichardrothe.com.br\/en\/wp-json\/wp\/v2\/pages\/92"}],"collection":[{"href":"https:\/\/pousadarichardrothe.com.br\/en\/wp-json\/wp\/v2\/pages"}],"about":[{"href":"https:\/\/pousadarichardrothe.com.br\/en\/wp-json\/wp\/v2\/types\/page"}],"author":[{"embeddable":true,"href":"https:\/\/pousadarichardrothe.com.br\/en\/wp-json\/wp\/v2\/users\/1"}],"replies":[{"embeddable":true,"href":"https:\/\/pousadarichardrothe.com.br\/en\/wp-json\/wp\/v2\/comments?post=92"}],"version-history":[{"count":57,"href":"https:\/\/pousadarichardrothe.com.br\/en\/wp-json\/wp\/v2\/pages\/92\/revisions"}],"predecessor-version":[{"id":1188,"href":"https:\/\/pousadarichardrothe.com.br\/en\/wp-json\/wp\/v2\/pages\/92\/revisions\/1188"}],"wp:attachment":[{"href":"https:\/\/pousadarichardrothe.com.br\/en\/wp-json\/wp\/v2\/media?parent=92"}],"curies":[{"name":"wp","href":"https:\/\/api.w.org\/{rel}","templated":true}]}}